{"id":441,"date":"2022-05-07T17:49:06","date_gmt":"2022-05-07T15:49:06","guid":{"rendered":"http:\/\/gaap-architectes.com\/?page_id=441"},"modified":"2022-05-29T18:05:17","modified_gmt":"2022-05-29T16:05:17","slug":"agence","status":"publish","type":"page","link":"https:\/\/gaap-architectes.com\/index.php\/agence\/","title":{"rendered":"Agence"},"content":{"rendered":"\n<div class=\"wp-block-columns is-layout-flex wp-container-core-columns-layout-2 wp-block-columns-is-layout-flex\">\n<div class=\"wp-block-column is-layout-flow wp-block-column-is-layout-flow\">\n<div class=\"wp-block-columns is-layout-flex wp-container-core-columns-layout-1 wp-block-columns-is-layout-flex\">\n<div class=\"wp-block-column is-layout-flow wp-block-column-is-layout-flow\">\n<h3 class=\"wp-block-heading\"><strong>Nos missions<\/strong><\/h3>\n\n\n\n<p>Nos domaines de comp\u00e9tences sont assez diversifi\u00e9s, et les missions que nous assurons le sont aussi. Nous r\u00e9alisons notamment des :<\/p>\n\n\n\n<ul><li>Etudes de faisabilit\u00e9s avant projet<\/li><li>Diagnostics<\/li><li>D\u00e9clarations Pr\u00e9alables<\/li><li>Permis de construire<\/li><li>Dossier de consultation des entreprises<\/li><li>Suivi de travaux<\/li><li>Missions de MOex<\/li><\/ul>\n\n\n\n<h3 class=\"wp-block-heading\"><strong>Nos bureaux<\/strong><\/h3>\n\n\n\n<p>Nos bureaux de 80m\u00b2 sont situ\u00e9s en plein c\u0153ur de Paris et disposent d\u2019une <strong>salle de r\u00e9union<\/strong> pouvant accueillir jusqu\u2019\u00e0 10 personnes et \u00e9quip\u00e9e en <strong>visioconf\u00e9rence,<\/strong> \u00e0 proximit\u00e9 imm\u00e9diate de la station de m\u00e9tro \u00ab&nbsp;Solf\u00e9rino \u00bb et du parking public \u00ab&nbsp;Bac\/ Montalembert&nbsp;\u00bb.<\/p>\n\n\n\n<h3 class=\"wp-block-heading\"><strong>Nos moyens mat\u00e9riels<\/strong><\/h3>\n\n\n\n<p>L\u2019agence dispose de l&rsquo;ensemble du mat\u00e9riel n\u00e9cessaire \u00e0 la r\u00e9alisation compl\u00e8te d&rsquo;une mission de maitrise d&rsquo;\u0153uvre dans le cadre de la pr\u00e9sente prestation que cela soit au niveau de la gestion que de la production de l\u2019ensemble des pi\u00e8ces graphiques et \u00e9crites.  A ce titre nous disposons de :<\/p>\n\n\n\n<ul><li>4 stations de travail en r\u00e9seau compatibles BIM et 3D <\/li><li>2 Serveurs NAS 4to avec sauvegarde externalis\u00e9e ;<\/li><li>2 ordinateurs portables ;<\/li><li>2 tablettes d\u00e9di\u00e9es aux chantiers ;<\/li><li>1 photocopieur scanner imprimante A4\/A3 Canon ;<\/li><li>1 imprimante A4 en r\u00e9seau Samsung C480 <\/li><li>1 traceur A0 couleur HP T1600 ;<\/li><li>1 appareil photo num\u00e9rique grand angle ;<\/li><li>2 v\u00e9hicules l\u00e9gers \u00e0 disposition des charg\u00e9s d\u2019op\u00e9ration ;<\/li><li> 1 distom\u00e8tre Leica ;<\/li><li>1 drone Professionnel\u00a0DJI Mavic Ent. 2;<\/li><li> 1 imprimante 3D 25x25x25 Tizyx;<\/li><li>Un casque de r\u00e9alit\u00e9 virtuelle HTC\u00a0;<\/li><li>1 mat\u00e9riauth\u00e8que ;<\/li><\/ul>\n<\/div>\n\n\n\n<div class=\"wp-block-column is-layout-flow wp-block-column-is-layout-flow\">\n<h3 class=\"wp-block-heading\"><strong>Moyens num\u00e9riques<\/strong><\/h3>\n\n\n\n<p>\u00a0\u00a0\u00a0\u00a0\u00a0\u00a0\u00a0\u00a0\u00a0\u00a0\u00a0 Nos postes informatiques sont \u00e9quip\u00e9s des abonnements office 365, Autodesk Suite AEC ainsi que la suite Adobe Creative master. De plus, l\u2019agence mettra \u00e0 disposition <strong>un espace num\u00e9rique <\/strong>d\u00e9di\u00e9 de type Kroqi  pour chaque op\u00e9ration confi\u00e9e, avec des acc\u00e8s distincts et une capacit\u00e9 de stockage illimit\u00e9e pour l\u2019\u00e9change ou la consultation des donn\u00e9es tout au long de la vie du projet, \u00e0 l\u2019image d\u2019une <strong>armoire \u00e0 plan<\/strong> accessible \u00e0 l&rsquo;adresse suivante : <a rel=\"noreferrer noopener\" href=\"https:\/\/gaap.kroqi.fr\/\" target=\"_blank\">gaap.kroqi.fr\/<\/a><\/p>\n\n\n\n<h3 class=\"wp-block-heading\"><strong>Respect des donn\u00e9es sensibles<\/strong><\/h3>\n\n\n\n<p>L\u2019espace num\u00e9rique allou\u00e9 respectera <strong>les normes impos\u00e9es par la CNIL (RGPD)<\/strong> puisqu\u2019il s\u2019agit d\u2019un syst\u00e8me fran\u00e7ais et en partenariat avec l&rsquo;\u00e9tat. Aucune donn\u00e9e client ou de conception ne pourra ainsi \u00eatre exploit\u00e9e par des tiers. Les donn\u00e9es particuli\u00e8rement sensibles (RIB, etc.) sont stock\u00e9es sur un disque dur externe USB branch\u00e9 uniquement en cas de n\u00e9cessit\u00e9 de ces documents.<\/p>\n\n\n\n<h3 class=\"wp-block-heading\"><strong>S\u00e9curit\u00e9 informatique<\/strong><\/h3>\n\n\n\n<p>Le r\u00e9seaux GaAP dispose d\u2019un syst\u00e8me de copie de <strong>sauvegarde <\/strong>sur un second serveur physiquement install\u00e9 <strong>dans un autre lieu g\u00e9ographique<\/strong>.<\/p>\n<\/div>\n<\/div>\n<\/div>\n<\/div>\n","protected":false},"excerpt":{"rendered":"<p>Nos missions Nos domaines de comp\u00e9tences sont assez diversifi\u00e9s, et les missions que nous assurons le sont aussi. Nous r\u00e9alisons notamment des : Etudes de faisabilit\u00e9s avant projet Diagnostics D\u00e9clarations Pr\u00e9alables Permis de construire Dossier de consultation des entreprises Suivi de travaux Missions de MOex Nos bureaux Nos bureaux de 80m\u00b2 sont situ\u00e9s en plein &hellip; <\/p>\n<p class=\"link-more\"><a href=\"https:\/\/gaap-architectes.com\/index.php\/agence\/\" class=\"more-link\">Continuer la lecture<span class=\"screen-reader-text\"> de &laquo;&nbsp;Agence&nbsp;&raquo;<\/span><\/a><\/p>\n","protected":false},"author":1,"featured_media":553,"parent":0,"menu_order":0,"comment_status":"closed","ping_status":"closed","template":"","meta":{"footnotes":""},"_links":{"self":[{"href":"https:\/\/gaap-architectes.com\/index.php\/wp-json\/wp\/v2\/pages\/441"}],"collection":[{"href":"https:\/\/gaap-architectes.com\/index.php\/wp-json\/wp\/v2\/pages"}],"about":[{"href":"https:\/\/gaap-architectes.com\/index.php\/wp-json\/wp\/v2\/types\/page"}],"author":[{"embeddable":true,"href":"https:\/\/gaap-architectes.com\/index.php\/wp-json\/wp\/v2\/users\/1"}],"replies":[{"embeddable":true,"href":"https:\/\/gaap-architectes.com\/index.php\/wp-json\/wp\/v2\/comments?post=441"}],"version-history":[{"count":35,"href":"https:\/\/gaap-architectes.com\/index.php\/wp-json\/wp\/v2\/pages\/441\/revisions"}],"predecessor-version":[{"id":660,"href":"https:\/\/gaap-architectes.com\/index.php\/wp-json\/wp\/v2\/pages\/441\/revisions\/660"}],"wp:featuredmedia":[{"embeddable":true,"href":"https:\/\/gaap-architectes.com\/index.php\/wp-json\/wp\/v2\/media\/553"}],"wp:attachment":[{"href":"https:\/\/gaap-architectes.com\/index.php\/wp-json\/wp\/v2\/media?parent=441"}],"curies":[{"name":"wp","href":"https:\/\/api.w.org\/{rel}","templated":true}]}}