{"id":556,"date":"2022-05-28T14:44:58","date_gmt":"2022-05-28T12:44:58","guid":{"rendered":"http:\/\/gaap-architectes.com\/?page_id=556"},"modified":"2023-05-05T11:31:27","modified_gmt":"2023-05-05T09:31:27","slug":"mentions-legales","status":"publish","type":"page","link":"https:\/\/gaap-architectes.com\/index.php\/mentions-legales\/","title":{"rendered":"Mentions l\u00e9gales"},"content":{"rendered":"\n<ul><li><strong>Identit\u00e9 de l&rsquo;entreprise\u00a0:<\/strong>\u00a0SARL Global and Architectural Project au capital de 10 000\u20ac<\/li><li><strong>Num\u00e9ro d&rsquo;immatriculation\u00a0au\u00a0RCS: <\/strong>818 314 460 00028 RCS de Paris<\/li><li><strong> T\u00e9l\u00e9phone :<\/strong> 09 73 89 66 06<\/li><li><strong>Num\u00e9ro d&rsquo;identification \u00e0 la TVA<\/strong> : FR74818314460<\/li><li><strong>Identit\u00e9 de\u00a0<em>l&rsquo;h\u00e9bergeur<\/em><\/strong><em> :  <\/em><\/li><\/ul>\n\n\n\n<p>SAS OVH au capital de 10 174 560 \u20ac<\/p>\n\n\n\n<p>RCS Lille M\u00e9tropole 424 761 419 00045<br>Code APE 2620Z<br>N\u00b0 TVA : FR 22 424 761 419<br>Si\u00e8ge social : 2 rue Kellermann &#8211; 59100 Roubaix &#8211; France<\/p>\n\n\n\n<ul><li>Soci\u00e9t\u00e9 d&rsquo;Architecture conforme \u00e0 la loi de 1977. Inscrite \u00e0 l&rsquo;ordre des Architecte d&rsquo;Ile de France sous le num\u00e9ro S17993<\/li><\/ul>\n","protected":false},"excerpt":{"rendered":"<p>Identit\u00e9 de l&rsquo;entreprise\u00a0:\u00a0SARL Global and Architectural Project au capital de 10 000\u20ac Num\u00e9ro d&rsquo;immatriculation\u00a0au\u00a0RCS: 818 314 460 00028 RCS de Paris T\u00e9l\u00e9phone : 09 73 89 66 06 Num\u00e9ro d&rsquo;identification \u00e0 la TVA : FR74818314460 Identit\u00e9 de\u00a0l&rsquo;h\u00e9bergeur : SAS OVH au capital de 10 174 560 \u20ac RCS Lille M\u00e9tropole 424 761 419 00045Code APE &hellip; <\/p>\n<p class=\"link-more\"><a href=\"https:\/\/gaap-architectes.com\/index.php\/mentions-legales\/\" class=\"more-link\">Continuer la lecture<span class=\"screen-reader-text\"> de &laquo;&nbsp;Mentions l\u00e9gales&nbsp;&raquo;<\/span><\/a><\/p>\n","protected":false},"author":1,"featured_media":0,"parent":0,"menu_order":0,"comment_status":"closed","ping_status":"closed","template":"","meta":{"footnotes":""},"_links":{"self":[{"href":"https:\/\/gaap-architectes.com\/index.php\/wp-json\/wp\/v2\/pages\/556"}],"collection":[{"href":"https:\/\/gaap-architectes.com\/index.php\/wp-json\/wp\/v2\/pages"}],"about":[{"href":"https:\/\/gaap-architectes.com\/index.php\/wp-json\/wp\/v2\/types\/page"}],"author":[{"embeddable":true,"href":"https:\/\/gaap-architectes.com\/index.php\/wp-json\/wp\/v2\/users\/1"}],"replies":[{"embeddable":true,"href":"https:\/\/gaap-architectes.com\/index.php\/wp-json\/wp\/v2\/comments?post=556"}],"version-history":[{"count":2,"href":"https:\/\/gaap-architectes.com\/index.php\/wp-json\/wp\/v2\/pages\/556\/revisions"}],"predecessor-version":[{"id":662,"href":"https:\/\/gaap-architectes.com\/index.php\/wp-json\/wp\/v2\/pages\/556\/revisions\/662"}],"wp:attachment":[{"href":"https:\/\/gaap-architectes.com\/index.php\/wp-json\/wp\/v2\/media?parent=556"}],"curies":[{"name":"wp","href":"https:\/\/api.w.org\/{rel}","templated":true}]}}