{"id":580,"date":"2022-05-28T17:58:19","date_gmt":"2022-05-28T15:58:19","guid":{"rendered":"http:\/\/gaap-architectes.com\/?page_id=580"},"modified":"2022-05-29T15:09:23","modified_gmt":"2022-05-29T13:09:23","slug":"references","status":"publish","type":"page","link":"https:\/\/gaap-architectes.com\/index.php\/references\/","title":{"rendered":"R\u00e9f\u00e9rences"},"content":{"rendered":"\n<p><strong><a href=\"http:\/\/gaap-architectes.com\/index.php\/erp\/\">ERP<\/a><\/strong><br>Projets d&rsquo;Etablissement Recevant du Public neufs ou r\u00e9habilit\u00e9s<\/p>\n\n\n\n<p><strong><a href=\"http:\/\/gaap-architectes.com\/index.php\/logements-collectifs-neufs\/\">Logement Collectif Neuf<\/a><\/strong><br>Immeubles collectifs neufs<\/p>\n\n\n\n<p><strong><a href=\"http:\/\/gaap-architectes.com\/index.php\/rehabilitation\/\">R\u00e9habilitation<\/a><\/strong><br>R\u00e9habilitations lourdes, thermique ou ravalements<\/p>\n\n\n\n<p><strong><a href=\"http:\/\/gaap-architectes.com\/index.php\/surelevation\/\">Sur\u00e9l\u00e9vation<\/a><\/strong><br>Sur\u00e9l\u00e9vations d&rsquo;immeubles de logements<\/p>\n\n\n\n<p><strong><a href=\"http:\/\/gaap-architectes.com\/index.php\/maison\/\">Maison<\/a><\/strong><br>Maisons neuves ou d&rsquo;extensions \/ r\u00e9habilitations<\/p>\n\n\n\n<p><strong><a href=\"http:\/\/gaap-architectes.com\/index.php\/batiments-industriels\/\">B\u00e2timent industriel<\/a><\/strong><br>B\u00e2timents \u00e0 vocation artisanale ou industrielle<\/p>\n\n\n\n<p>Exemples de projets en cours :<\/p>\n\n\n\n\t\t<style>\n            <\/style>\n\n    \n<script>\n    var GKIT_NO_PRIV_AJAX_URL = '\/wp-admin\/admin-ajax.php';\n    var CRP_DATASOURCE_6 = {};\n    var CRP_GALLERY_DATASOURCE_6 = new Array();\n<\/script>\n\n<script>var gkitPermalink = '\/index.php\/wp-json\/wp\/v2\/pages\/580';<\/script><div id=\"crp-content-6\" class=\"crp-content  crp-clearfix\"><div class=\"crp-wrapper crp-wrapper-album_gallery\"><div data-lazy-load=\"0\" id=\"gallery-6\" class=\"gallery-6\" style=\"display:none;\"><div id=\"ftg-items\" class=\"ftg-items\"><div id=\"crp-tile-321\" class=\"crp-tile ftg- \" data-url=\"\" data-id=\"321\" data-catalog-id=\"6\"><div id='321'  class='crp-tile-inner crp-tile-pic  button06 overlay00 share20 details27 image06  ' ><img class='crp-tile-img' src='https:\/\/gaap-architectes.com\/wp-content\/uploads\/2023\/12\/04-scaled.jpg' alt='' title='04' caption='ProEXR File Description\n\n=Attributes=\ncameraAperture (float): 23.76\ncameraFarClip (float): 0\ncameraFarRange (float): 10000\ncameraFov (float): 53.8719\ncameraNearClip (float): 0\ncameraNearRange (float): 0\ncameraProjection (int): 0\ncameraTargetDistance (float): 51.8841\ncameraTransform (m44f): [{-0.234233, 7.45058e-009, 0.96967, 602.032}, {0.97218, 3.72529e-009, 0.233628, 349.932}, {0, 1, -0.0718202, 1.64893}, {0, 0, 0, 1}]\nchannels (chlist)\ncompression (compression): Zip16\ndataWindow (box2i): [0, 0, 3999, 2249]\ndisplayWindow (box2i): [0, 0, 3999, 2249]\ngamma (float): 1\nlineOrder (lineOrder): Increasing Y\npixelAspectRatio (float): 1\nscreenWindowCenter (v2f): [0, 0]\nscreenWindowWidth (float): 1\ntiles (tiledesc): [64, 64]\ntype (string): &quot;tiledimage&quot;\n\n=Channels=\nB (half)\nCESSENTIAL_Reflect.B (half)\nCESSENTIAL_Reflect.G (half)\nCESSENTIAL_Reflect.R (half)\nCESSENTIAL_Refract.B (half)\nCESSENTIAL_Refract.G (half)\nCESSENTIAL_Refract.R (half)\nCESSENTIAL_Translucency.B (half)\nCESSENTIAL_Translucency.G (half)\nCESSENTIAL_Translucency.R (half)\nCGeometry_ZDepth.B (half)\nCGeometry_ZDepth.G (half)\nCGeometry_ZDepth.R (half)\nCMasking_ID.B (half)\nCMasking_ID.G (half)\nCMasking_ID.R (half)\nCMasking_ID001.B (half)\nCMasking_ID001.G (half)\nCMasking_ID001.R (half)\nCMasking_Mask.B (half)\nCMasking_Mask.G (half)\nCMasking_Mask.R (half)\nCMasking_Mask001.B (half)\nCMasking_Mask001.G (half)\nCMasking_Mask001.R (half)\nCMasking_Mask002.B (half)\nCMasking_Mask002.G (half)\nCMasking_Mask002.R (half)\nCMasking_Mask003.B (half)\nCMasking_Mask003.G (half)\nCMasking_Mask003.R (half)\nCMasking_Mask004.B (half)\nCMasking_Mask004.G (half)\nCMasking_Mask004.R (half)\nCShading_Albedo.B (half)\nCShading_Albedo.G (half)\nCShading_Albedo.R (half)\nCTexmap.B (half)\nCTexmap.G (half)\nCTexmap.R (half)\nG (half)\nR (half)' description='' data-width='2560' data-height='1440' \/><div class='overlayM'><\/div><div class='overlayT'><\/div><div class='overlayB'><\/div><div class='overlayL'><\/div><div class='overlayR'><\/div><div class='details '><h3>METAIRIE<\/h3><p>Construction neuve d'un b\u00e2timent de stockage et de vente en semi-gros avec ERP 5e ...<\/p><\/div><\/div><script>CRP_DATASOURCE_6['321'] = new Array();CRP_DATASOURCE_6['321'].push({'facebookShareUrl': 'https:\/\/gaap-architectes.com\/wp-content\/uploads\/2023\/12\/04-scaled.jpg','twitterShareUrl': 'https:\/\/gaap-architectes.com\/wp-content\/uploads\/2023\/12\/04-scaled.jpg','pinterestShareUrl': 'https:\/\/gaap-architectes.com\/wp-content\/uploads\/2023\/12\/04-scaled.jpg','googleplusShareUrl': 'https:\/\/gaap-architectes.com\/wp-content\/uploads\/2023\/12\/04-scaled.jpg', 'tweetText': 'METAIRIE', 'pinterestText': 'METAIRIE', 'src': 'https:\/\/gaap-architectes.com\/wp-content\/uploads\/2023\/12\/04-scaled.jpg', 'thumb': 'https:\/\/gaap-architectes.com\/wp-content\/uploads\/2023\/12\/04-300x169.jpg', 'subHtml': '<h4 class=\\'crp-popup-title\\'>METAIRIE<\/h4><p class=\\'crp-popup-desc\\'>Construction neuve d\\'un b\u00e2timent de stockage et de vente en semi-gros avec ERP 5e Cat\u00e9gorie \u00e0 Saint Nazaire.<\/p>', 'downloadUrl': false});<\/script><\/div><div id=\"crp-tile-320\" class=\"crp-tile ftg- \" data-url=\"\" data-id=\"320\" data-catalog-id=\"6\"><div id='320'  class='crp-tile-inner crp-tile-pic  button06 overlay00 share20 details27 image06  ' ><img class='crp-tile-img' src='https:\/\/gaap-architectes.com\/wp-content\/uploads\/2023\/12\/230403-External-View-1-5K-2-scaled.jpg' alt='' title='230403-External-View 1-5K-2' caption='' description='' data-width='2560' data-height='1440' \/><div class='overlayM'><\/div><div class='overlayT'><\/div><div class='overlayB'><\/div><div class='overlayL'><\/div><div class='overlayR'><\/div><div class='details '><h3>Concours - Centre de loisirs ADP Roissy<\/h3><p>Concours pour la construction neuve du centre de loisirs pour les enfants du personnel de ...<\/p><\/div><\/div><script>CRP_DATASOURCE_6['320'] = new Array();CRP_DATASOURCE_6['320'].push({'facebookShareUrl': 'https:\/\/gaap-architectes.com\/wp-content\/uploads\/2023\/12\/230403-External-View-2-2-PMFL-scaled.jpg','twitterShareUrl': 'https:\/\/gaap-architectes.com\/wp-content\/uploads\/2023\/12\/230403-External-View-2-2-PMFL-scaled.jpg','pinterestShareUrl': 'https:\/\/gaap-architectes.com\/wp-content\/uploads\/2023\/12\/230403-External-View-2-2-PMFL-scaled.jpg','googleplusShareUrl': 'https:\/\/gaap-architectes.com\/wp-content\/uploads\/2023\/12\/230403-External-View-2-2-PMFL-scaled.jpg', 'tweetText': 'Concours - Centre de loisirs ADP Roissy', 'pinterestText': 'Concours - Centre de loisirs ADP Roissy', 'src': 'https:\/\/gaap-architectes.com\/wp-content\/uploads\/2023\/12\/230403-External-View-2-2-PMFL-scaled.jpg', 'thumb': 'https:\/\/gaap-architectes.com\/wp-content\/uploads\/2023\/12\/230403-External-View-2-2-PMFL-300x169.jpg', 'subHtml': '<h4 class=\\'crp-popup-title\\'>Concours - Centre de loisirs ADP Roissy<\/h4><p class=\\'crp-popup-desc\\'>Concours pour la construction neuve du centre de loisirs pour les enfants du personnel de CDG \u00e0 Roissy.<\/p>', 'downloadUrl': false});CRP_DATASOURCE_6['320'].push({'facebookShareUrl': 'https:\/\/gaap-architectes.com\/wp-content\/uploads\/2023\/12\/230403-Aerial-5k-2-PMFL-scaled.jpg','twitterShareUrl': 'https:\/\/gaap-architectes.com\/wp-content\/uploads\/2023\/12\/230403-Aerial-5k-2-PMFL-scaled.jpg','pinterestShareUrl': 'https:\/\/gaap-architectes.com\/wp-content\/uploads\/2023\/12\/230403-Aerial-5k-2-PMFL-scaled.jpg','googleplusShareUrl': 'https:\/\/gaap-architectes.com\/wp-content\/uploads\/2023\/12\/230403-Aerial-5k-2-PMFL-scaled.jpg', 'tweetText': 'Concours - Centre de loisirs ADP Roissy', 'pinterestText': 'Concours - Centre de loisirs ADP Roissy', 'src': 'https:\/\/gaap-architectes.com\/wp-content\/uploads\/2023\/12\/230403-Aerial-5k-2-PMFL-scaled.jpg', 'thumb': 'https:\/\/gaap-architectes.com\/wp-content\/uploads\/2023\/12\/230403-Aerial-5k-2-PMFL-300x169.jpg', 'subHtml': '<h4 class=\\'crp-popup-title\\'>Concours - Centre de loisirs ADP Roissy<\/h4><p class=\\'crp-popup-desc\\'>Concours pour la construction neuve du centre de loisirs pour les enfants du personnel de CDG \u00e0 Roissy.<\/p>', 'downloadUrl': false});CRP_DATASOURCE_6['320'].push({'facebookShareUrl': 'https:\/\/gaap-architectes.com\/wp-content\/uploads\/2023\/12\/230403-External-View-3-5k-2-PMFL-scaled.jpg','twitterShareUrl': 'https:\/\/gaap-architectes.com\/wp-content\/uploads\/2023\/12\/230403-External-View-3-5k-2-PMFL-scaled.jpg','pinterestShareUrl': 'https:\/\/gaap-architectes.com\/wp-content\/uploads\/2023\/12\/230403-External-View-3-5k-2-PMFL-scaled.jpg','googleplusShareUrl': 'https:\/\/gaap-architectes.com\/wp-content\/uploads\/2023\/12\/230403-External-View-3-5k-2-PMFL-scaled.jpg', 'tweetText': 'Concours - Centre de loisirs ADP Roissy', 'pinterestText': 'Concours - Centre de loisirs ADP Roissy', 'src': 'https:\/\/gaap-architectes.com\/wp-content\/uploads\/2023\/12\/230403-External-View-3-5k-2-PMFL-scaled.jpg', 'thumb': 'https:\/\/gaap-architectes.com\/wp-content\/uploads\/2023\/12\/230403-External-View-3-5k-2-PMFL-300x169.jpg', 'subHtml': '<h4 class=\\'crp-popup-title\\'>Concours - Centre de loisirs ADP Roissy<\/h4><p class=\\'crp-popup-desc\\'>Concours pour la construction neuve du centre de loisirs pour les enfants du personnel de CDG \u00e0 Roissy.<\/p>', 'downloadUrl': false});CRP_DATASOURCE_6['320'].push({'facebookShareUrl': 'https:\/\/gaap-architectes.com\/wp-content\/uploads\/2023\/12\/230403-External-View-1-5K-2-scaled.jpg','twitterShareUrl': 'https:\/\/gaap-architectes.com\/wp-content\/uploads\/2023\/12\/230403-External-View-1-5K-2-scaled.jpg','pinterestShareUrl': 'https:\/\/gaap-architectes.com\/wp-content\/uploads\/2023\/12\/230403-External-View-1-5K-2-scaled.jpg','googleplusShareUrl': 'https:\/\/gaap-architectes.com\/wp-content\/uploads\/2023\/12\/230403-External-View-1-5K-2-scaled.jpg', 'tweetText': 'Concours - Centre de loisirs ADP Roissy', 'pinterestText': 'Concours - Centre de loisirs ADP Roissy', 'src': 'https:\/\/gaap-architectes.com\/wp-content\/uploads\/2023\/12\/230403-External-View-1-5K-2-scaled.jpg', 'thumb': 'https:\/\/gaap-architectes.com\/wp-content\/uploads\/2023\/12\/230403-External-View-1-5K-2-300x169.jpg', 'subHtml': '<h4 class=\\'crp-popup-title\\'>Concours - Centre de loisirs ADP Roissy<\/h4><p class=\\'crp-popup-desc\\'>Concours pour la construction neuve du centre de loisirs pour les enfants du personnel de CDG \u00e0 Roissy.<\/p>', 'downloadUrl': false});<\/script><\/div><div id=\"crp-tile-96\" class=\"crp-tile ftg- \" data-url=\"\" data-id=\"96\" data-catalog-id=\"6\"><div id='96'  class='crp-tile-inner crp-tile-pic  button06 overlay00 share20 details27 image06  ' ><img class='crp-tile-img' src='https:\/\/gaap-architectes.com\/wp-content\/uploads\/2022\/03\/IMG_5730-copie-scaled.jpg' alt='' title='IMG_5730 copie' caption='' description='' data-width='2560' data-height='1707' \/><div class='overlayM'><\/div><div class='overlayT'><\/div><div class='overlayB'><\/div><div class='overlayL'><\/div><div class='overlayR'><\/div><div class='details '><h3>Maison des Etudiants<\/h3><p>R\u00e9novation \u00e9nerg\u00e9tique et remise aux normes de l'ancienne BU du campus Paris 13.<\/p><\/div><\/div><script>CRP_DATASOURCE_6['96'] = new Array();CRP_DATASOURCE_6['96'].push({'facebookShareUrl': 'https:\/\/gaap-architectes.com\/wp-content\/uploads\/2022\/03\/IMG_5730-copie-scaled.jpg','twitterShareUrl': 'https:\/\/gaap-architectes.com\/wp-content\/uploads\/2022\/03\/IMG_5730-copie-scaled.jpg','pinterestShareUrl': 'https:\/\/gaap-architectes.com\/wp-content\/uploads\/2022\/03\/IMG_5730-copie-scaled.jpg','googleplusShareUrl': 'https:\/\/gaap-architectes.com\/wp-content\/uploads\/2022\/03\/IMG_5730-copie-scaled.jpg', 'tweetText': 'Maison des Etudiants', 'pinterestText': 'Maison des Etudiants', 'src': 'https:\/\/gaap-architectes.com\/wp-content\/uploads\/2022\/03\/IMG_5730-copie-scaled.jpg', 'thumb': 'https:\/\/gaap-architectes.com\/wp-content\/uploads\/2022\/03\/IMG_5730-copie-300x200.jpg', 'subHtml': '<h4 class=\\'crp-popup-title\\'>Maison des Etudiants<\/h4><p class=\\'crp-popup-desc\\'>R\u00e9novation \u00e9nerg\u00e9tique et remise aux normes de l\\'ancienne BU du campus Paris 13.<\/p>', 'downloadUrl': false});<\/script><\/div><div id=\"crp-tile-100\" class=\"crp-tile ftg- \" data-url=\"\" data-id=\"100\" data-catalog-id=\"6\"><div id='100'  class='crp-tile-inner crp-tile-pic  button06 overlay00 share20 details27 image06  ' ><img class='crp-tile-img' src='https:\/\/gaap-architectes.com\/wp-content\/uploads\/2022\/03\/INSERTION-copie.jpg' alt='' title='INSERTION copie' caption='' description='' data-width='2215' data-height='1220' \/><div class='overlayM'><\/div><div class='overlayT'><\/div><div class='overlayB'><\/div><div class='overlayL'><\/div><div class='overlayR'><\/div><div class='details '><h3>ROQUETTE186<\/h3><p>R\u00e9novation thermique de logements sociaux \u00e0 Paris, rue de la Roquette<\/p><\/div><\/div><script>CRP_DATASOURCE_6['100'] = new Array();CRP_DATASOURCE_6['100'].push({'facebookShareUrl': 'https:\/\/gaap-architectes.com\/wp-content\/uploads\/2022\/03\/INSERTION-copie.jpg','twitterShareUrl': 'https:\/\/gaap-architectes.com\/wp-content\/uploads\/2022\/03\/INSERTION-copie.jpg','pinterestShareUrl': 'https:\/\/gaap-architectes.com\/wp-content\/uploads\/2022\/03\/INSERTION-copie.jpg','googleplusShareUrl': 'https:\/\/gaap-architectes.com\/wp-content\/uploads\/2022\/03\/INSERTION-copie.jpg', 'tweetText': 'ROQUETTE186', 'pinterestText': 'ROQUETTE186', 'src': 'https:\/\/gaap-architectes.com\/wp-content\/uploads\/2022\/03\/INSERTION-copie.jpg', 'thumb': 'https:\/\/gaap-architectes.com\/wp-content\/uploads\/2022\/03\/INSERTION-copie-300x165.jpg', 'subHtml': '<h4 class=\\'crp-popup-title\\'>ROQUETTE186<\/h4><p class=\\'crp-popup-desc\\'>R\u00e9novation thermique de logements sociaux \u00e0 Paris, rue de la Roquette<\/p>', 'downloadUrl': false});<\/script><\/div><\/div><\/div><\/div><\/div>\n<script>\n    gkitWinReady(function(){\n        gkitConfigureGrid(\n            6,\n            {layoutType: 3,approxTileWidth: 250,approxTileHeight: 250,addBlock1Height: false,addBlock2Height: false,freeAddBlocks: false,margin: 4,minTileWidth: 200,gridCellSize: 10,lazy: false,dontCropImage: false,columnCalcAlgo: 'Dynamic',},\n            {\n                kEnableGridLazyLoad : 0,\n                kDirectLinking : 0,\n                kLoadUrlBlank : 1,\n                kDisableAlbumStylePresentation : 0,\n                kViewerBackdropClass: 'crp-1-popup-backdrop',\n                albumViewerTypeIsGrid: 0            },\n            {hash: false,autoplayFirstVideo: true,videojs: true,controls: true,actualSize: false,mode: 'lg-slide',addClass: 'crp-full-popup crp-popup-full-theme-dark ',counter: true,zoom: true,pager: false,autoplayControls: true,fullScreen: true,autoplay: false,thumbnail: true,showThumbByDefault: false,animateThumb: true,thumbContHeight: 80,thumbHeight: '60px',share: false,download: true,showTextToggle: false,},\n            CRP_GALLERY_DATASOURCE_6,\n            CRP_DATASOURCE_6        );\n    });\n<\/script>\n\n","protected":false},"excerpt":{"rendered":"<p>ERPProjets d&rsquo;Etablissement Recevant du Public neufs ou r\u00e9habilit\u00e9s Logement Collectif NeufImmeubles collectifs neufs R\u00e9habilitationR\u00e9habilitations lourdes, thermique ou ravalements Sur\u00e9l\u00e9vationSur\u00e9l\u00e9vations d&rsquo;immeubles de logements MaisonMaisons neuves ou d&rsquo;extensions \/ r\u00e9habilitations B\u00e2timent industrielB\u00e2timents \u00e0 vocation artisanale ou industrielle Exemples de projets en cours :<\/p>\n","protected":false},"author":1,"featured_media":0,"parent":0,"menu_order":0,"comment_status":"closed","ping_status":"closed","template":"","meta":{"footnotes":""},"_links":{"self":[{"href":"https:\/\/gaap-architectes.com\/index.php\/wp-json\/wp\/v2\/pages\/580"}],"collection":[{"href":"https:\/\/gaap-architectes.com\/index.php\/wp-json\/wp\/v2\/pages"}],"about":[{"href":"https:\/\/gaap-architectes.com\/index.php\/wp-json\/wp\/v2\/types\/page"}],"author":[{"embeddable":true,"href":"https:\/\/gaap-architectes.com\/index.php\/wp-json\/wp\/v2\/users\/1"}],"replies":[{"embeddable":true,"href":"https:\/\/gaap-architectes.com\/index.php\/wp-json\/wp\/v2\/comments?post=580"}],"version-history":[{"count":9,"href":"https:\/\/gaap-architectes.com\/index.php\/wp-json\/wp\/v2\/pages\/580\/revisions"}],"predecessor-version":[{"id":627,"href":"https:\/\/gaap-architectes.com\/index.php\/wp-json\/wp\/v2\/pages\/580\/revisions\/627"}],"wp:attachment":[{"href":"https:\/\/gaap-architectes.com\/index.php\/wp-json\/wp\/v2\/media?parent=580"}],"curies":[{"name":"wp","href":"https:\/\/api.w.org\/{rel}","templated":true}]}}