{"id":602,"date":"2022-05-29T14:02:11","date_gmt":"2022-05-29T12:02:11","guid":{"rendered":"http:\/\/gaap-architectes.com\/?page_id=602"},"modified":"2022-05-29T14:44:02","modified_gmt":"2022-05-29T12:44:02","slug":"batiments-industriels","status":"publish","type":"page","link":"https:\/\/gaap-architectes.com\/index.php\/batiments-industriels\/","title":{"rendered":"B\u00e2timent Industriel"},"content":{"rendered":"\n\t\t<style>\n            <\/style>\n\n    \n<script>\n    var GKIT_NO_PRIV_AJAX_URL = '\/wp-admin\/admin-ajax.php';\n    var CRP_DATASOURCE_14 = {};\n    var CRP_GALLERY_DATASOURCE_14 = new Array();\n<\/script>\n\n<script>var gkitPermalink = '\/index.php\/wp-json\/wp\/v2\/pages\/602';<\/script><div id=\"crp-content-14\" class=\"crp-content  crp-clearfix\"><div class=\"crp-wrapper crp-wrapper-album_gallery\"><div data-lazy-load=\"0\" id=\"gallery-14\" class=\"gallery-14\" style=\"display:none;\"><div id=\"ftg-items\" class=\"ftg-items\"><div id=\"crp-tile-307\" class=\"crp-tile ftg- \" data-url=\"\" data-id=\"307\" data-catalog-id=\"14\"><div id='307'  class='crp-tile-inner crp-tile-pic  button06 overlay00 share20 details27 image06  ' ><img class='crp-tile-img' src='https:\/\/gaap-architectes.com\/wp-content\/uploads\/2023\/12\/079-V1-copie.jpg' alt='' title='079-V1 copie' caption='' description='' data-width='2560' data-height='1440' \/><div class='overlayM'><\/div><div class='overlayT'><\/div><div class='overlayB'><\/div><div class='overlayL'><\/div><div class='overlayR'><\/div><div class='details '><h3>AILLAS<\/h3><p>B\u00e2timent de logistique de 5300m\u00b2 de stockage + bureaux \u00e0 Aillas<\/p><\/div><\/div><script>CRP_DATASOURCE_14['307'] = new Array();CRP_DATASOURCE_14['307'].push({'facebookShareUrl': 'https:\/\/gaap-architectes.com\/wp-content\/uploads\/2023\/12\/079-V2-copie.jpg','twitterShareUrl': 'https:\/\/gaap-architectes.com\/wp-content\/uploads\/2023\/12\/079-V2-copie.jpg','pinterestShareUrl': 'https:\/\/gaap-architectes.com\/wp-content\/uploads\/2023\/12\/079-V2-copie.jpg','googleplusShareUrl': 'https:\/\/gaap-architectes.com\/wp-content\/uploads\/2023\/12\/079-V2-copie.jpg', 'tweetText': 'AILLAS', 'pinterestText': 'AILLAS', 'src': 'https:\/\/gaap-architectes.com\/wp-content\/uploads\/2023\/12\/079-V2-copie.jpg', 'thumb': 'https:\/\/gaap-architectes.com\/wp-content\/uploads\/2023\/12\/079-V2-copie-300x140.jpg', 'subHtml': '<h4 class=\\'crp-popup-title\\'>AILLAS<\/h4><p class=\\'crp-popup-desc\\'>B\u00e2timent de logistique de 5300m\u00b2 de stockage + bureaux \u00e0 Aillas<\/p>', 'downloadUrl': false});CRP_DATASOURCE_14['307'].push({'facebookShareUrl': 'https:\/\/gaap-architectes.com\/wp-content\/uploads\/2023\/12\/079-V1-copie.jpg','twitterShareUrl': 'https:\/\/gaap-architectes.com\/wp-content\/uploads\/2023\/12\/079-V1-copie.jpg','pinterestShareUrl': 'https:\/\/gaap-architectes.com\/wp-content\/uploads\/2023\/12\/079-V1-copie.jpg','googleplusShareUrl': 'https:\/\/gaap-architectes.com\/wp-content\/uploads\/2023\/12\/079-V1-copie.jpg', 'tweetText': 'AILLAS', 'pinterestText': 'AILLAS', 'src': 'https:\/\/gaap-architectes.com\/wp-content\/uploads\/2023\/12\/079-V1-copie.jpg', 'thumb': 'https:\/\/gaap-architectes.com\/wp-content\/uploads\/2023\/12\/079-V1-copie-300x169.jpg', 'subHtml': '<h4 class=\\'crp-popup-title\\'>AILLAS<\/h4><p class=\\'crp-popup-desc\\'>B\u00e2timent de logistique de 5300m\u00b2 de stockage + bureaux \u00e0 Aillas<\/p>', 'downloadUrl': false});CRP_DATASOURCE_14['307'].push({'facebookShareUrl': 'https:\/\/gaap-architectes.com\/wp-content\/uploads\/2023\/12\/079-V3-copie-scaled.jpg','twitterShareUrl': 'https:\/\/gaap-architectes.com\/wp-content\/uploads\/2023\/12\/079-V3-copie-scaled.jpg','pinterestShareUrl': 'https:\/\/gaap-architectes.com\/wp-content\/uploads\/2023\/12\/079-V3-copie-scaled.jpg','googleplusShareUrl': 'https:\/\/gaap-architectes.com\/wp-content\/uploads\/2023\/12\/079-V3-copie-scaled.jpg', 'tweetText': 'AILLAS', 'pinterestText': 'AILLAS', 'src': 'https:\/\/gaap-architectes.com\/wp-content\/uploads\/2023\/12\/079-V3-copie-scaled.jpg', 'thumb': 'https:\/\/gaap-architectes.com\/wp-content\/uploads\/2023\/12\/079-V3-copie-300x169.jpg', 'subHtml': '<h4 class=\\'crp-popup-title\\'>AILLAS<\/h4><p class=\\'crp-popup-desc\\'>B\u00e2timent de logistique de 5300m\u00b2 de stockage + bureaux \u00e0 Aillas<\/p>', 'downloadUrl': false});<\/script><\/div><div id=\"crp-tile-306\" class=\"crp-tile ftg- \" data-url=\"\" data-id=\"306\" data-catalog-id=\"14\"><div id='306'  class='crp-tile-inner crp-tile-pic  button06 overlay00 share20 details27 image06  ' ><img class='crp-tile-img' src='https:\/\/gaap-architectes.com\/wp-content\/uploads\/2023\/12\/04-scaled.jpg' alt='' title='04' caption='ProEXR File Description\n\n=Attributes=\ncameraAperture (float): 23.76\ncameraFarClip (float): 0\ncameraFarRange (float): 10000\ncameraFov (float): 53.8719\ncameraNearClip (float): 0\ncameraNearRange (float): 0\ncameraProjection (int): 0\ncameraTargetDistance (float): 51.8841\ncameraTransform (m44f): [{-0.234233, 7.45058e-009, 0.96967, 602.032}, {0.97218, 3.72529e-009, 0.233628, 349.932}, {0, 1, -0.0718202, 1.64893}, {0, 0, 0, 1}]\nchannels (chlist)\ncompression (compression): Zip16\ndataWindow (box2i): [0, 0, 3999, 2249]\ndisplayWindow (box2i): [0, 0, 3999, 2249]\ngamma (float): 1\nlineOrder (lineOrder): Increasing Y\npixelAspectRatio (float): 1\nscreenWindowCenter (v2f): [0, 0]\nscreenWindowWidth (float): 1\ntiles (tiledesc): [64, 64]\ntype (string): &quot;tiledimage&quot;\n\n=Channels=\nB (half)\nCESSENTIAL_Reflect.B (half)\nCESSENTIAL_Reflect.G (half)\nCESSENTIAL_Reflect.R (half)\nCESSENTIAL_Refract.B (half)\nCESSENTIAL_Refract.G (half)\nCESSENTIAL_Refract.R (half)\nCESSENTIAL_Translucency.B (half)\nCESSENTIAL_Translucency.G (half)\nCESSENTIAL_Translucency.R (half)\nCGeometry_ZDepth.B (half)\nCGeometry_ZDepth.G (half)\nCGeometry_ZDepth.R (half)\nCMasking_ID.B (half)\nCMasking_ID.G (half)\nCMasking_ID.R (half)\nCMasking_ID001.B (half)\nCMasking_ID001.G (half)\nCMasking_ID001.R (half)\nCMasking_Mask.B (half)\nCMasking_Mask.G (half)\nCMasking_Mask.R (half)\nCMasking_Mask001.B (half)\nCMasking_Mask001.G (half)\nCMasking_Mask001.R (half)\nCMasking_Mask002.B (half)\nCMasking_Mask002.G (half)\nCMasking_Mask002.R (half)\nCMasking_Mask003.B (half)\nCMasking_Mask003.G (half)\nCMasking_Mask003.R (half)\nCMasking_Mask004.B (half)\nCMasking_Mask004.G (half)\nCMasking_Mask004.R (half)\nCShading_Albedo.B (half)\nCShading_Albedo.G (half)\nCShading_Albedo.R (half)\nCTexmap.B (half)\nCTexmap.G (half)\nCTexmap.R (half)\nG (half)\nR (half)' description='' data-width='2560' data-height='1440' \/><div class='overlayM'><\/div><div class='overlayT'><\/div><div class='overlayB'><\/div><div class='overlayL'><\/div><div class='overlayR'><\/div><div class='details '><h3>METAIRIE<\/h3><p>B\u00e2timent de stockage vente de semi-gros neuf avec zone de vente ERP 5e cat\u00e9...<\/p><\/div><\/div><script>CRP_DATASOURCE_14['306'] = new Array();CRP_DATASOURCE_14['306'].push({'facebookShareUrl': 'https:\/\/gaap-architectes.com\/wp-content\/uploads\/2023\/12\/04-scaled.jpg','twitterShareUrl': 'https:\/\/gaap-architectes.com\/wp-content\/uploads\/2023\/12\/04-scaled.jpg','pinterestShareUrl': 'https:\/\/gaap-architectes.com\/wp-content\/uploads\/2023\/12\/04-scaled.jpg','googleplusShareUrl': 'https:\/\/gaap-architectes.com\/wp-content\/uploads\/2023\/12\/04-scaled.jpg', 'tweetText': 'METAIRIE', 'pinterestText': 'METAIRIE', 'src': 'https:\/\/gaap-architectes.com\/wp-content\/uploads\/2023\/12\/04-scaled.jpg', 'thumb': 'https:\/\/gaap-architectes.com\/wp-content\/uploads\/2023\/12\/04-300x169.jpg', 'subHtml': '<h4 class=\\'crp-popup-title\\'>METAIRIE<\/h4><p class=\\'crp-popup-desc\\'>B\u00e2timent de stockage vente de semi-gros neuf avec zone de vente ERP 5e cat\u00e9gorie \u00e0 St Nazaire<\/p>', 'downloadUrl': false});<\/script><\/div><div id=\"crp-tile-272\" class=\"crp-tile ftg- \" data-url=\"\" data-id=\"272\" data-catalog-id=\"14\"><div id='272'  class='crp-tile-inner crp-tile-pic  button06 overlay00 share20 details27 image06  ' ><img class='crp-tile-img' src='https:\/\/gaap-architectes.com\/wp-content\/uploads\/2020\/11\/PC6-Insertion-scaled.jpg' alt='' title='PC6-Insertion' caption='' description='' data-width='2560' data-height='1163' \/><div class='overlayM'><\/div><div class='overlayT'><\/div><div class='overlayB'><\/div><div class='overlayL'><\/div><div class='overlayR'><\/div><div class='details '><h3>KAP<\/h3><p>Projet de construction d'un immeuble d'artisanat\n\n\nMa\u00eetre d'ouvrage : Priv\u00e9e\nStade : PC\nBudget : 1M\u20ac<\/p><\/div><\/div><script>CRP_DATASOURCE_14['272'] = new Array();CRP_DATASOURCE_14['272'].push({'facebookShareUrl': 'https:\/\/gaap-architectes.com\/wp-content\/uploads\/2020\/11\/PC6-Insertion-scaled.jpg','twitterShareUrl': 'https:\/\/gaap-architectes.com\/wp-content\/uploads\/2020\/11\/PC6-Insertion-scaled.jpg','pinterestShareUrl': 'https:\/\/gaap-architectes.com\/wp-content\/uploads\/2020\/11\/PC6-Insertion-scaled.jpg','googleplusShareUrl': 'https:\/\/gaap-architectes.com\/wp-content\/uploads\/2020\/11\/PC6-Insertion-scaled.jpg', 'tweetText': 'KAP', 'pinterestText': 'KAP', 'src': 'https:\/\/gaap-architectes.com\/wp-content\/uploads\/2020\/11\/PC6-Insertion-scaled.jpg', 'thumb': 'https:\/\/gaap-architectes.com\/wp-content\/uploads\/2020\/11\/PC6-Insertion-300x136.jpg', 'subHtml': '<h4 class=\\'crp-popup-title\\'>KAP<\/h4><p class=\\'crp-popup-desc\\'>Projet de construction d\\'un immeuble d\\'artisanat<\/br><\/br><\/br>Ma\u00eetre d\\'ouvrage : Priv\u00e9e<\/br>Stade : PC<\/br>Budget : 1M\u20ac<\/p>', 'downloadUrl': false});<\/script><\/div><\/div><\/div><\/div><\/div>\n<script>\n    gkitWinReady(function(){\n        gkitConfigureGrid(\n            14,\n            {layoutType: 3,approxTileWidth: 250,approxTileHeight: 250,addBlock1Height: false,addBlock2Height: false,freeAddBlocks: false,margin: 4,minTileWidth: 200,gridCellSize: 10,lazy: false,dontCropImage: false,columnCalcAlgo: 'Dynamic',},\n            {\n                kEnableGridLazyLoad : 0,\n                kDirectLinking : 0,\n                kLoadUrlBlank : 1,\n                kDisableAlbumStylePresentation : 0,\n                kViewerBackdropClass: 'crp-1-popup-backdrop',\n                albumViewerTypeIsGrid: 0            },\n            {hash: false,autoplayFirstVideo: true,videojs: true,controls: true,actualSize: false,mode: 'lg-slide',addClass: 'crp-full-popup crp-popup-full-theme-dark ',counter: true,zoom: true,pager: false,autoplayControls: true,fullScreen: true,autoplay: false,thumbnail: true,showThumbByDefault: false,animateThumb: true,thumbContHeight: 80,thumbHeight: '60px',share: false,download: true,showTextToggle: false,},\n            CRP_GALLERY_DATASOURCE_14,\n            CRP_DATASOURCE_14        );\n    });\n<\/script>\n\n","protected":false},"excerpt":{"rendered":"","protected":false},"author":1,"featured_media":0,"parent":0,"menu_order":0,"comment_status":"closed","ping_status":"closed","template":"","meta":{"footnotes":""},"_links":{"self":[{"href":"https:\/\/gaap-architectes.com\/index.php\/wp-json\/wp\/v2\/pages\/602"}],"collection":[{"href":"https:\/\/gaap-architectes.com\/index.php\/wp-json\/wp\/v2\/pages"}],"about":[{"href":"https:\/\/gaap-architectes.com\/index.php\/wp-json\/wp\/v2\/types\/page"}],"author":[{"embeddable":true,"href":"https:\/\/gaap-architectes.com\/index.php\/wp-json\/wp\/v2\/users\/1"}],"replies":[{"embeddable":true,"href":"https:\/\/gaap-architectes.com\/index.php\/wp-json\/wp\/v2\/comments?post=602"}],"version-history":[{"count":3,"href":"https:\/\/gaap-architectes.com\/index.php\/wp-json\/wp\/v2\/pages\/602\/revisions"}],"predecessor-version":[{"id":625,"href":"https:\/\/gaap-architectes.com\/index.php\/wp-json\/wp\/v2\/pages\/602\/revisions\/625"}],"wp:attachment":[{"href":"https:\/\/gaap-architectes.com\/index.php\/wp-json\/wp\/v2\/media?parent=602"}],"curies":[{"name":"wp","href":"https:\/\/api.w.org\/{rel}","templated":true}]}}